{"id":353,"date":"2024-11-28T11:30:37","date_gmt":"2024-11-28T10:30:37","guid":{"rendered":"https:\/\/quality.lux-webudvikling.dk\/?page_id=353"},"modified":"2024-12-12T15:55:48","modified_gmt":"2024-12-12T14:55:48","slug":"nyheder","status":"publish","type":"page","link":"https:\/\/quality.lux-webudvikling.dk\/sv\/nyheder\/","title":{"rendered":"Nyheder"},"content":{"rendered":"<div data-elementor-type=\"wp-page\" data-elementor-id=\"353\" class=\"elementor elementor-353\" data-elementor-post-type=\"page\">\n\t\t\t\t<div class=\"elementor-element elementor-element-41fc4c10 e-flex e-con-boxed e-con e-parent\" data-id=\"41fc4c10\" data-element_type=\"container\" data-e-type=\"container\" data-settings=\"{&quot;background_background&quot;:&quot;classic&quot;}\">\n\t\t\t\t\t<div class=\"e-con-inner\">\n\t\t\t\t<div class=\"elementor-element elementor-element-24d5a59 elementor-widget elementor-widget-heading\" data-id=\"24d5a59\" data-element_type=\"widget\" data-e-type=\"widget\" data-widget_type=\"heading.default\">\n\t\t\t\t<div class=\"elementor-widget-container\">\n\t\t\t\t\t<h2 class=\"elementor-heading-title elementor-size-default\"><span class=\"heavyFont\">Pilotuddanelser<\/span><br>\ntil flere former for helikopter<\/h2>\t\t\t\t<\/div>\n\t\t\t\t<\/div>\n\t\t\t\t<div class=\"elementor-element elementor-element-74cb4dcb elementor-widget elementor-widget-text-editor\" data-id=\"74cb4dcb\" data-element_type=\"widget\" data-e-type=\"widget\" data-widget_type=\"text-editor.default\">\n\t\t\t\t<div class=\"elementor-widget-container\">\n\t\t\t\t\t\t\t\t\t<p>Lorem Ipsum is simply dummy text of the printingand typesetting industry. Lorem Ipsum has been theindustry&#8217;s standard dummy text ever<\/p>\t\t\t\t\t\t\t\t<\/div>\n\t\t\t\t<\/div>\n\t\t<div class=\"elementor-element elementor-element-23356b7 e-con-full e-flex e-con e-child\" data-id=\"23356b7\" data-element_type=\"container\" data-e-type=\"container\" data-settings=\"{&quot;background_background&quot;:&quot;classic&quot;}\">\n\t\t\t\t<div class=\"elementor-element elementor-element-221a1ea2 elementor-widget elementor-widget-button\" data-id=\"221a1ea2\" data-element_type=\"widget\" data-e-type=\"widget\" data-widget_type=\"button.default\">\n\t\t\t\t<div class=\"elementor-widget-container\">\n\t\t\t\t\t\t\t\t\t<div class=\"elementor-button-wrapper\">\n\t\t\t\t\t<a class=\"elementor-button elementor-button-link elementor-size-sm elementor-animation-shrink\" href=\"#\">\n\t\t\t\t\t\t<span class=\"elementor-button-content-wrapper\">\n\t\t\t\t\t\t\t\t\t<span class=\"elementor-button-text\">Book en samtale<\/span>\n\t\t\t\t\t<\/span>\n\t\t\t\t\t<\/a>\n\t\t\t\t<\/div>\n\t\t\t\t\t\t\t\t<\/div>\n\t\t\t\t<\/div>\n\t\t\t\t<div class=\"elementor-element elementor-element-6597f0f5 elementor-widget elementor-widget-button\" data-id=\"6597f0f5\" data-element_type=\"widget\" data-e-type=\"widget\" data-widget_type=\"button.default\">\n\t\t\t\t<div class=\"elementor-widget-container\">\n\t\t\t\t\t\t\t\t\t<div class=\"elementor-button-wrapper\">\n\t\t\t\t\t<a class=\"elementor-button elementor-button-link elementor-size-sm elementor-animation-shrink\" href=\"#\">\n\t\t\t\t\t\t<span class=\"elementor-button-content-wrapper\">\n\t\t\t\t\t\t\t\t\t<span class=\"elementor-button-text\">Se elev udtagelser<\/span>\n\t\t\t\t\t<\/span>\n\t\t\t\t\t<\/a>\n\t\t\t\t<\/div>\n\t\t\t\t\t\t\t\t<\/div>\n\t\t\t\t<\/div>\n\t\t\t\t<\/div>\n\t\t\t\t\t<\/div>\n\t\t\t\t<\/div>\n\t\t<div class=\"elementor-element elementor-element-2e9e093e e-con-full e-flex e-con e-parent\" data-id=\"2e9e093e\" data-element_type=\"container\" data-e-type=\"container\" data-settings=\"{&quot;background_background&quot;:&quot;classic&quot;}\">\n\t\t\t\t<div class=\"elementor-element elementor-element-2b2e76f6 elementor-view-stacked elementor-shape-circle elementor-widget elementor-widget-icon\" data-id=\"2b2e76f6\" data-element_type=\"widget\" data-e-type=\"widget\" data-widget_type=\"icon.default\">\n\t\t\t\t<div class=\"elementor-widget-container\">\n\t\t\t\t\t\t\t<div class=\"elementor-icon-wrapper\">\n\t\t\t<a class=\"elementor-icon elementor-animation-grow\" href=\"#vitilbyder\">\n\t\t\t<svg aria-hidden=\"true\" class=\"e-font-icon-svg e-fas-chevron-down\" viewbox=\"0 0 448 512\" xmlns=\"http:\/\/www.w3.org\/2000\/svg\"><path d=\"M207.029 381.476L12.686 187.132c-9.373-9.373-9.373-24.569 0-33.941l22.667-22.667c9.357-9.357 24.522-9.375 33.901-.04L224 284.505l154.745-154.021c9.379-9.335 24.544-9.317 33.901.04l22.667 22.667c9.373 9.373 9.373 24.569 0 33.941L240.971 381.476c-9.373 9.372-24.569 9.372-33.942 0z\"><\/path><\/svg>\t\t\t<\/a>\n\t\t<\/div>\n\t\t\t\t\t\t<\/div>\n\t\t\t\t<\/div>\n\t\t\t\t<\/div>\n\t\t<div class=\"elementor-element elementor-element-c6b45c5 e-flex e-con-boxed e-con e-parent\" data-id=\"c6b45c5\" data-element_type=\"container\" data-e-type=\"container\">\n\t\t\t\t\t<div class=\"e-con-inner\">\n\t\t\t\t<div class=\"elementor-element elementor-element-5eb28b8 elementor-grid-3 elementor-grid-tablet-2 elementor-grid-mobile-1 elementor-posts--thumbnail-top elementor-widget elementor-widget-posts\" data-id=\"5eb28b8\" data-element_type=\"widget\" data-e-type=\"widget\" data-settings=\"{&quot;classic_columns&quot;:&quot;3&quot;,&quot;classic_columns_tablet&quot;:&quot;2&quot;,&quot;classic_columns_mobile&quot;:&quot;1&quot;,&quot;classic_row_gap&quot;:{&quot;unit&quot;:&quot;px&quot;,&quot;size&quot;:35,&quot;sizes&quot;:[]},&quot;classic_row_gap_laptop&quot;:{&quot;unit&quot;:&quot;px&quot;,&quot;size&quot;:&quot;&quot;,&quot;sizes&quot;:[]},&quot;classic_row_gap_tablet_extra&quot;:{&quot;unit&quot;:&quot;px&quot;,&quot;size&quot;:&quot;&quot;,&quot;sizes&quot;:[]},&quot;classic_row_gap_tablet&quot;:{&quot;unit&quot;:&quot;px&quot;,&quot;size&quot;:&quot;&quot;,&quot;sizes&quot;:[]},&quot;classic_row_gap_mobile&quot;:{&quot;unit&quot;:&quot;px&quot;,&quot;size&quot;:&quot;&quot;,&quot;sizes&quot;:[]}}\" data-widget_type=\"posts.classic\">\n\t\t\t\t<div class=\"elementor-widget-container\">\n\t\t\t\t\t\t\t<div class=\"elementor-posts-container elementor-posts elementor-posts--skin-classic elementor-grid\" role=\"list\">\n\t\t\t\t<article class=\"elementor-post elementor-grid-item post-267 post type-post status-publish format-standard has-post-thumbnail hentry category-elever\" role=\"listitem\">\n\t\t\t\t<a class=\"elementor-post__thumbnail__link\" href=\"https:\/\/quality.lux-webudvikling.dk\/sv\/this-definition-can-be-furtherconfused-by-the-fact-2\/\" tabindex=\"-1\" >\n\t\t\t<div class=\"elementor-post__thumbnail\"><img fetchpriority=\"high\" decoding=\"async\" width=\"1152\" height=\"1536\" src=\"https:\/\/quality.lux-webudvikling.dk\/wp-content\/uploads\/2024\/12\/469778328_1109613874290581_1357610650913029683_n-1152x1536.jpg\" class=\"attachment-1536x1536 size-1536x1536 wp-image-506\" alt=\"\" \/><\/div>\n\t\t<\/a>\n\t\t\t\t<div class=\"elementor-post__text\">\n\t\t\t\t<h1 class=\"elementor-post__title\">\n\t\t\t<a href=\"https:\/\/quality.lux-webudvikling.dk\/sv\/this-definition-can-be-furtherconfused-by-the-fact-2\/\" >\n\t\t\t\tStort tillykke til HAC med konvertering til EASA certifikat\t\t\t<\/a>\n\t\t<\/h1>\n\t\t\t\t<div class=\"elementor-post__meta-data\">\n\t\t\t\t\t<span class=\"elementor-post-date\">\n\t\t\t09\/12\/2024\t\t<\/span>\n\t\t\t\t<\/div>\n\t\t\t\t<div class=\"elementor-post__excerpt\">\n\t\t\t<p>There are many variations of passages of Lorem Ipsum available, but the majority have suffered alteration in some form, by injected humour, or randomised words which<\/p>\n\t\t<\/div>\n\t\t\t\t\t<div class=\"elementor-post__read-more-wrapper\">\n\t\t\n\t\t<a class=\"elementor-post__read-more\" href=\"https:\/\/quality.lux-webudvikling.dk\/sv\/this-definition-can-be-furtherconfused-by-the-fact-2\/\" aria-label=\"L\u00e4s mer om Stort tillykke til HAC med konvertering til EASA certifikat\" tabindex=\"-1\" >\n\t\t\tL\u00e6s mere \u00bb\t\t<\/a>\n\n\t\t\t\t\t<\/div>\n\t\t\t\t<\/div>\n\t\t\t\t<\/article>\n\t\t\t\t<article class=\"elementor-post elementor-grid-item post-261 post type-post status-publish format-standard has-post-thumbnail hentry category-studietur\" role=\"listitem\">\n\t\t\t\t<a class=\"elementor-post__thumbnail__link\" href=\"https:\/\/quality.lux-webudvikling.dk\/sv\/this-definition-can-be-furtherconfused-by-the-fact\/\" tabindex=\"-1\" >\n\t\t\t<div class=\"elementor-post__thumbnail\"><img decoding=\"async\" width=\"1536\" height=\"1428\" src=\"https:\/\/quality.lux-webudvikling.dk\/wp-content\/uploads\/2024\/12\/469382520_1107712381147397_1216117087006295900_n-e1734012116193-1536x1428.jpg\" class=\"attachment-1536x1536 size-1536x1536 wp-image-505\" alt=\"\" srcset=\"https:\/\/quality.lux-webudvikling.dk\/wp-content\/uploads\/2024\/12\/469382520_1107712381147397_1216117087006295900_n-e1734012116193-1536x1428.jpg 1536w, https:\/\/quality.lux-webudvikling.dk\/wp-content\/uploads\/2024\/12\/469382520_1107712381147397_1216117087006295900_n-e1734012116193-300x279.jpg 300w, https:\/\/quality.lux-webudvikling.dk\/wp-content\/uploads\/2024\/12\/469382520_1107712381147397_1216117087006295900_n-e1734012116193-1024x952.jpg 1024w, https:\/\/quality.lux-webudvikling.dk\/wp-content\/uploads\/2024\/12\/469382520_1107712381147397_1216117087006295900_n-e1734012116193-768x714.jpg 768w, https:\/\/quality.lux-webudvikling.dk\/wp-content\/uploads\/2024\/12\/469382520_1107712381147397_1216117087006295900_n-e1734012116193-13x12.jpg 13w, https:\/\/quality.lux-webudvikling.dk\/wp-content\/uploads\/2024\/12\/469382520_1107712381147397_1216117087006295900_n-e1734012116193.jpg 1652w\" sizes=\"(max-width: 1536px) 100vw, 1536px\" \/><\/div>\n\t\t<\/a>\n\t\t\t\t<div class=\"elementor-post__text\">\n\t\t\t\t<h1 class=\"elementor-post__title\">\n\t\t\t<a href=\"https:\/\/quality.lux-webudvikling.dk\/sv\/this-definition-can-be-furtherconfused-by-the-fact\/\" >\n\t\t\t\tI g\u00e5r var vi p\u00e5 studietur, hvor vi fik en masse ny inspiration og l\u00e6ring\t\t\t<\/a>\n\t\t<\/h1>\n\t\t\t\t<div class=\"elementor-post__meta-data\">\n\t\t\t\t\t<span class=\"elementor-post-date\">\n\t\t\t06\/12\/2024\t\t<\/span>\n\t\t\t\t<\/div>\n\t\t\t\t<div class=\"elementor-post__excerpt\">\n\t\t\t<p>There are many variations of passages of Lorem Ipsum available, but the majority have suffered alteration in some form, by injected humour, or randomised words which<\/p>\n\t\t<\/div>\n\t\t\t\t\t<div class=\"elementor-post__read-more-wrapper\">\n\t\t\n\t\t<a class=\"elementor-post__read-more\" href=\"https:\/\/quality.lux-webudvikling.dk\/sv\/this-definition-can-be-furtherconfused-by-the-fact\/\" aria-label=\"L\u00e4s mer om I g\u00e5r var vi p\u00e5 studietur, hvor vi fik en masse ny inspiration og l\u00e6ring\" tabindex=\"-1\" >\n\t\t\tL\u00e6s mere \u00bb\t\t<\/a>\n\n\t\t\t\t\t<\/div>\n\t\t\t\t<\/div>\n\t\t\t\t<\/article>\n\t\t\t\t<article class=\"elementor-post elementor-grid-item post-531 post type-post status-publish format-standard has-post-thumbnail hentry category-elever\" role=\"listitem\">\n\t\t\t\t<a class=\"elementor-post__thumbnail__link\" href=\"https:\/\/quality.lux-webudvikling.dk\/sv\/this-definition-can-be-furtherconfused-by-the-fact-3\/\" tabindex=\"-1\" >\n\t\t\t<div class=\"elementor-post__thumbnail\"><img decoding=\"async\" width=\"1152\" height=\"1536\" src=\"https:\/\/quality.lux-webudvikling.dk\/wp-content\/uploads\/2024\/12\/468334991_1102230918362210_4502629076687589750_n-1152x1536.jpg\" class=\"attachment-1536x1536 size-1536x1536 wp-image-502\" alt=\"\" srcset=\"https:\/\/quality.lux-webudvikling.dk\/wp-content\/uploads\/2024\/12\/468334991_1102230918362210_4502629076687589750_n-1152x1536.jpg 1152w, https:\/\/quality.lux-webudvikling.dk\/wp-content\/uploads\/2024\/12\/468334991_1102230918362210_4502629076687589750_n-225x300.jpg 225w, https:\/\/quality.lux-webudvikling.dk\/wp-content\/uploads\/2024\/12\/468334991_1102230918362210_4502629076687589750_n-768x1024.jpg 768w, https:\/\/quality.lux-webudvikling.dk\/wp-content\/uploads\/2024\/12\/468334991_1102230918362210_4502629076687589750_n-9x12.jpg 9w, https:\/\/quality.lux-webudvikling.dk\/wp-content\/uploads\/2024\/12\/468334991_1102230918362210_4502629076687589750_n.jpg 1200w\" sizes=\"(max-width: 1152px) 100vw, 1152px\" \/><\/div>\n\t\t<\/a>\n\t\t\t\t<div class=\"elementor-post__text\">\n\t\t\t\t<h1 class=\"elementor-post__title\">\n\t\t\t<a href=\"https:\/\/quality.lux-webudvikling.dk\/sv\/this-definition-can-be-furtherconfused-by-the-fact-3\/\" >\n\t\t\t\tI 2024 har vi haft forn\u00f8jelsen af Pieter fra Sydafrika\t\t\t<\/a>\n\t\t<\/h1>\n\t\t\t\t<div class=\"elementor-post__meta-data\">\n\t\t\t\t\t<span class=\"elementor-post-date\">\n\t\t\t28\/11\/2024\t\t<\/span>\n\t\t\t\t<\/div>\n\t\t\t\t<div class=\"elementor-post__excerpt\">\n\t\t\t<p>There are many variations of passages of Lorem Ipsum available, but the majority have suffered alteration in some form, by injected humour, or randomised words which<\/p>\n\t\t<\/div>\n\t\t\t\t\t<div class=\"elementor-post__read-more-wrapper\">\n\t\t\n\t\t<a class=\"elementor-post__read-more\" href=\"https:\/\/quality.lux-webudvikling.dk\/sv\/this-definition-can-be-furtherconfused-by-the-fact-3\/\" aria-label=\"L\u00e4s mer om I 2024 har vi haft forn\u00f8jelsen af Pieter fra Sydafrika\" tabindex=\"-1\" >\n\t\t\tL\u00e6s mere \u00bb\t\t<\/a>\n\n\t\t\t\t\t<\/div>\n\t\t\t\t<\/div>\n\t\t\t\t<\/article>\n\t\t\t\t<article class=\"elementor-post elementor-grid-item post-533 post type-post status-publish format-standard has-post-thumbnail hentry category-elever category-studietur\" role=\"listitem\">\n\t\t\t\t<a class=\"elementor-post__thumbnail__link\" href=\"https:\/\/quality.lux-webudvikling.dk\/sv\/this-definition-can-be-furtherconfused-by-the-fact-3-2\/\" tabindex=\"-1\" >\n\t\t\t<div class=\"elementor-post__thumbnail\"><img loading=\"lazy\" decoding=\"async\" width=\"1170\" height=\"1370\" src=\"https:\/\/quality.lux-webudvikling.dk\/wp-content\/uploads\/2024\/12\/468276152_1100252948560007_2668350151690155055_n.jpg\" class=\"attachment-1536x1536 size-1536x1536 wp-image-498\" alt=\"\" srcset=\"https:\/\/quality.lux-webudvikling.dk\/wp-content\/uploads\/2024\/12\/468276152_1100252948560007_2668350151690155055_n.jpg 1170w, https:\/\/quality.lux-webudvikling.dk\/wp-content\/uploads\/2024\/12\/468276152_1100252948560007_2668350151690155055_n-256x300.jpg 256w, https:\/\/quality.lux-webudvikling.dk\/wp-content\/uploads\/2024\/12\/468276152_1100252948560007_2668350151690155055_n-875x1024.jpg 875w, https:\/\/quality.lux-webudvikling.dk\/wp-content\/uploads\/2024\/12\/468276152_1100252948560007_2668350151690155055_n-768x899.jpg 768w, https:\/\/quality.lux-webudvikling.dk\/wp-content\/uploads\/2024\/12\/468276152_1100252948560007_2668350151690155055_n-10x12.jpg 10w\" sizes=\"(max-width: 1170px) 100vw, 1170px\" \/><\/div>\n\t\t<\/a>\n\t\t\t\t<div class=\"elementor-post__text\">\n\t\t\t\t<h1 class=\"elementor-post__title\">\n\t\t\t<a href=\"https:\/\/quality.lux-webudvikling.dk\/sv\/this-definition-can-be-furtherconfused-by-the-fact-3-2\/\" >\n\t\t\t\tEn hilsen fra Canada fra vores to elever\t\t\t<\/a>\n\t\t<\/h1>\n\t\t\t\t<div class=\"elementor-post__meta-data\">\n\t\t\t\t\t<span class=\"elementor-post-date\">\n\t\t\t25\/11\/2024\t\t<\/span>\n\t\t\t\t<\/div>\n\t\t\t\t<div class=\"elementor-post__excerpt\">\n\t\t\t<p>There are many variations of passages of Lorem Ipsum available, but the majority have suffered alteration in some form, by injected humour, or randomised words which<\/p>\n\t\t<\/div>\n\t\t\t\t\t<div class=\"elementor-post__read-more-wrapper\">\n\t\t\n\t\t<a class=\"elementor-post__read-more\" href=\"https:\/\/quality.lux-webudvikling.dk\/sv\/this-definition-can-be-furtherconfused-by-the-fact-3-2\/\" aria-label=\"L\u00e4s mer om En hilsen fra Canada fra vores to elever\" tabindex=\"-1\" >\n\t\t\tL\u00e6s mere \u00bb\t\t<\/a>\n\n\t\t\t\t\t<\/div>\n\t\t\t\t<\/div>\n\t\t\t\t<\/article>\n\t\t\t\t<article class=\"elementor-post elementor-grid-item post-537 post type-post status-publish format-standard has-post-thumbnail hentry category-elever category-studietur\" role=\"listitem\">\n\t\t\t\t<a class=\"elementor-post__thumbnail__link\" href=\"https:\/\/quality.lux-webudvikling.dk\/sv\/this-definition-can-be-furtherconfused-by-the-fact-3-2-2\/\" tabindex=\"-1\" >\n\t\t\t<div class=\"elementor-post__thumbnail\"><img loading=\"lazy\" decoding=\"async\" width=\"1152\" height=\"1536\" src=\"https:\/\/quality.lux-webudvikling.dk\/wp-content\/uploads\/2024\/12\/465599757_1086934163225219_1452883769498868829_n-1152x1536.jpg\" class=\"attachment-1536x1536 size-1536x1536 wp-image-497\" alt=\"\" srcset=\"https:\/\/quality.lux-webudvikling.dk\/wp-content\/uploads\/2024\/12\/465599757_1086934163225219_1452883769498868829_n-1152x1536.jpg 1152w, https:\/\/quality.lux-webudvikling.dk\/wp-content\/uploads\/2024\/12\/465599757_1086934163225219_1452883769498868829_n-225x300.jpg 225w, https:\/\/quality.lux-webudvikling.dk\/wp-content\/uploads\/2024\/12\/465599757_1086934163225219_1452883769498868829_n-768x1024.jpg 768w, https:\/\/quality.lux-webudvikling.dk\/wp-content\/uploads\/2024\/12\/465599757_1086934163225219_1452883769498868829_n-9x12.jpg 9w, https:\/\/quality.lux-webudvikling.dk\/wp-content\/uploads\/2024\/12\/465599757_1086934163225219_1452883769498868829_n.jpg 1536w\" sizes=\"(max-width: 1152px) 100vw, 1152px\" \/><\/div>\n\t\t<\/a>\n\t\t\t\t<div class=\"elementor-post__text\">\n\t\t\t\t<h1 class=\"elementor-post__title\">\n\t\t\t<a href=\"https:\/\/quality.lux-webudvikling.dk\/sv\/this-definition-can-be-furtherconfused-by-the-fact-3-2-2\/\" >\n\t\t\t\tS\u00e5 blev det MON og LOL\u2019s tur til at opleve det smukke landskab\t\t\t<\/a>\n\t\t<\/h1>\n\t\t\t\t<div class=\"elementor-post__meta-data\">\n\t\t\t\t\t<span class=\"elementor-post-date\">\n\t\t\t06\/11\/2024\t\t<\/span>\n\t\t\t\t<\/div>\n\t\t\t\t<div class=\"elementor-post__excerpt\">\n\t\t\t<p>There are many variations of passages of Lorem Ipsum available, but the majority have suffered alteration in some form, by injected humour, or randomised words which<\/p>\n\t\t<\/div>\n\t\t\t\t\t<div class=\"elementor-post__read-more-wrapper\">\n\t\t\n\t\t<a class=\"elementor-post__read-more\" href=\"https:\/\/quality.lux-webudvikling.dk\/sv\/this-definition-can-be-furtherconfused-by-the-fact-3-2-2\/\" aria-label=\"L\u00e4s mer om S\u00e5 blev det MON og LOL\u2019s tur til at opleve det smukke landskab\" tabindex=\"-1\" >\n\t\t\tL\u00e6s mere \u00bb\t\t<\/a>\n\n\t\t\t\t\t<\/div>\n\t\t\t\t<\/div>\n\t\t\t\t<\/article>\n\t\t\t\t<\/div>\n\t\t\n\t\t\t\t\t\t<\/div>\n\t\t\t\t<\/div>\n\t\t\t\t\t<\/div>\n\t\t\t\t<\/div>\n\t\t\t\t<\/div>","protected":false},"excerpt":{"rendered":"<p>Pilotuddanelser til flere former for helikopter Lorem Ipsum is simply dummy text of the printingand typesetting industry. Lorem Ipsum has been theindustry&#8217;s standard dummy text ever Book en samtale Se elev udtagelser<\/p>","protected":false},"author":1,"featured_media":0,"parent":0,"menu_order":0,"comment_status":"closed","ping_status":"closed","template":"elementor_header_footer","meta":{"_acf_changed":false,"footnotes":""},"class_list":["post-353","page","type-page","status-publish","hentry"],"acf":[],"_links":{"self":[{"href":"https:\/\/quality.lux-webudvikling.dk\/sv\/wp-json\/wp\/v2\/pages\/353","targetHints":{"allow":["GET"]}}],"collection":[{"href":"https:\/\/quality.lux-webudvikling.dk\/sv\/wp-json\/wp\/v2\/pages"}],"about":[{"href":"https:\/\/quality.lux-webudvikling.dk\/sv\/wp-json\/wp\/v2\/types\/page"}],"author":[{"embeddable":true,"href":"https:\/\/quality.lux-webudvikling.dk\/sv\/wp-json\/wp\/v2\/users\/1"}],"replies":[{"embeddable":true,"href":"https:\/\/quality.lux-webudvikling.dk\/sv\/wp-json\/wp\/v2\/comments?post=353"}],"version-history":[{"count":4,"href":"https:\/\/quality.lux-webudvikling.dk\/sv\/wp-json\/wp\/v2\/pages\/353\/revisions"}],"predecessor-version":[{"id":553,"href":"https:\/\/quality.lux-webudvikling.dk\/sv\/wp-json\/wp\/v2\/pages\/353\/revisions\/553"}],"wp:attachment":[{"href":"https:\/\/quality.lux-webudvikling.dk\/sv\/wp-json\/wp\/v2\/media?parent=353"}],"curies":[{"name":"wp","href":"https:\/\/api.w.org\/{rel}","templated":true}]}}